{"id":29931,"date":"2023-11-11T14:44:38","date_gmt":"2023-11-11T13:44:38","guid":{"rendered":"https:\/\/btswiss.ch\/?post_type=product&#038;p=29931"},"modified":"2024-10-17T23:17:51","modified_gmt":"2024-10-17T21:17:51","slug":"101eb130","status":"publish","type":"product","link":"https:\/\/btswiss.ch\/de\/produkt\/101eb130\/","title":{"rendered":"BMW &#8211; Calandres M &#8211; S\u00e9rie 1 (E81\/E82\/E87\/E88) 2004-2006"},"content":{"rendered":"<p>Produktnummer : 101EB130<\/p>\n<p>Calandres M en noir brillant pour les mod\u00e8les suivants :<\/p>\n<ul>\n<li>BMW s\u00e9rie 1 &#8211; E81\/E82\/E87\/E88 2004-2006<\/li>\n<\/ul>\n<p>Les calandres sont en plastique de tr\u00e8s bonne qualit\u00e9 et conviennent parfaitement \u00e0 l&#8217;emplacement d&rsquo;origine.<\/p>","protected":false},"excerpt":{"rendered":"<p>Num\u00e9ro de produit : 101EB130 Calandres M en noir brillant pour les mod\u00e8les suivants : BMW s\u00e9rie 1 &#8211; E81\/E82\/E87\/E88 2004-2006 Les calandres sont en plastique de tr\u00e8s bonne qualit\u00e9 et conviennent parfaitement \u00e0 l&#8217;emplacement d&rsquo;origine.<\/p>","protected":false},"featured_media":30621,"template":"","meta":{"advanced_seo_description":"","jetpack_seo_html_title":"","jetpack_seo_noindex":false,"ocean_post_layout":"","ocean_both_sidebars_style":"","ocean_both_sidebars_content_width":0,"ocean_both_sidebars_sidebars_width":0,"ocean_sidebar":"0","ocean_second_sidebar":"0","ocean_disable_margins":"enable","ocean_add_body_class":"","ocean_shortcode_before_top_bar":"","ocean_shortcode_after_top_bar":"","ocean_shortcode_before_header":"","ocean_shortcode_after_header":"","ocean_has_shortcode":"","ocean_shortcode_after_title":"","ocean_shortcode_before_footer_widgets":"","ocean_shortcode_after_footer_widgets":"","ocean_shortcode_before_footer_bottom":"","ocean_shortcode_after_footer_bottom":"","ocean_display_top_bar":"default","ocean_display_header":"default","ocean_header_style":"","ocean_center_header_left_menu":"0","ocean_custom_header_template":"0","ocean_custom_logo":0,"ocean_custom_retina_logo":0,"ocean_custom_logo_max_width":0,"ocean_custom_logo_tablet_max_width":0,"ocean_custom_logo_mobile_max_width":0,"ocean_custom_logo_max_height":0,"ocean_custom_logo_tablet_max_height":0,"ocean_custom_logo_mobile_max_height":0,"ocean_header_custom_menu":"0","ocean_menu_typo_font_family":"0","ocean_menu_typo_font_subset":"","ocean_menu_typo_font_size":0,"ocean_menu_typo_font_size_tablet":0,"ocean_menu_typo_font_size_mobile":0,"ocean_menu_typo_font_size_unit":"px","ocean_menu_typo_font_weight":"","ocean_menu_typo_font_weight_tablet":"","ocean_menu_typo_font_weight_mobile":"","ocean_menu_typo_transform":"","ocean_menu_typo_transform_tablet":"","ocean_menu_typo_transform_mobile":"","ocean_menu_typo_line_height":0,"ocean_menu_typo_line_height_tablet":0,"ocean_menu_typo_line_height_mobile":0,"ocean_menu_typo_line_height_unit":"","ocean_menu_typo_spacing":0,"ocean_menu_typo_spacing_tablet":0,"ocean_menu_typo_spacing_mobile":0,"ocean_menu_typo_spacing_unit":"","ocean_menu_link_color":"","ocean_menu_link_color_hover":"","ocean_menu_link_color_active":"","ocean_menu_link_background":"","ocean_menu_link_hover_background":"","ocean_menu_link_active_background":"","ocean_menu_social_links_bg":"","ocean_menu_social_hover_links_bg":"","ocean_menu_social_links_color":"","ocean_menu_social_hover_links_color":"","ocean_disable_title":"default","ocean_disable_heading":"default","ocean_post_title":"","ocean_post_subheading":"","ocean_post_title_style":"","ocean_post_title_background_color":"","ocean_post_title_background":0,"ocean_post_title_bg_image_position":"","ocean_post_title_bg_image_attachment":"","ocean_post_title_bg_image_repeat":"","ocean_post_title_bg_image_size":"","ocean_post_title_height":0,"ocean_post_title_bg_overlay":0.5,"ocean_post_title_bg_overlay_color":"","ocean_disable_breadcrumbs":"default","ocean_breadcrumbs_color":"","ocean_breadcrumbs_separator_color":"","ocean_breadcrumbs_links_color":"","ocean_breadcrumbs_links_hover_color":"","ocean_display_footer_widgets":"default","ocean_display_footer_bottom":"default","ocean_custom_footer_template":"0","jetpack_post_was_ever_published":false,"jetpack_publicize_message":"","jetpack_publicize_feature_enabled":true,"jetpack_social_post_already_shared":true,"jetpack_social_options":{"image_generator_settings":{"template":"highway","enabled":false},"version":2}},"product_cat":[162,184,165,73],"product_tag":[154,155,156,157,153],"class_list":{"0":"post-29931","1":"product","2":"type-product","3":"status-publish","4":"has-post-thumbnail","6":"product_cat-bmw","7":"product_cat-calandre","8":"product_cat-serie-1","9":"product_cat-serie-1-e81-e82-e87-e88","10":"product_tag-bmw-e81","11":"product_tag-bmw-e82","12":"product_tag-bmw-e87","13":"product_tag-bmw-e88","14":"product_tag-bmw-serie-1","16":"entry","17":"has-media","19":"first","20":"instock","21":"shipping-taxable","22":"purchasable","23":"product-type-simple","24":"has-product-nav","25":"col","26":"span_1_of_3","27":"owp-content-center","28":"owp-thumbs-layout-horizontal","29":"owp-btn-very-big","30":"owp-tabs-layout-vertical"},"jetpack_publicize_connections":[],"jetpack_sharing_enabled":true,"jetpack-related-posts":[],"_links":{"self":[{"href":"https:\/\/btswiss.ch\/de\/wp-json\/wp\/v2\/product\/29931","targetHints":{"allow":["GET"]}}],"collection":[{"href":"https:\/\/btswiss.ch\/de\/wp-json\/wp\/v2\/product"}],"about":[{"href":"https:\/\/btswiss.ch\/de\/wp-json\/wp\/v2\/types\/product"}],"wp:featuredmedia":[{"embeddable":true,"href":"https:\/\/btswiss.ch\/de\/wp-json\/wp\/v2\/media\/30621"}],"wp:attachment":[{"href":"https:\/\/btswiss.ch\/de\/wp-json\/wp\/v2\/media?parent=29931"}],"wp:term":[{"taxonomy":"product_cat","embeddable":true,"href":"https:\/\/btswiss.ch\/de\/wp-json\/wp\/v2\/product_cat?post=29931"},{"taxonomy":"product_tag","embeddable":true,"href":"https:\/\/btswiss.ch\/de\/wp-json\/wp\/v2\/product_tag?post=29931"}],"curies":[{"name":"wp","href":"https:\/\/api.w.org\/{rel}","templated":true}]}}