{"id":29875,"date":"2023-10-25T10:29:45","date_gmt":"2023-10-25T08:29:45","guid":{"rendered":"https:\/\/btswiss.ch\/produit\/porte-cle-bmw-m\/"},"modified":"2024-08-31T11:24:26","modified_gmt":"2024-08-31T09:24:26","slug":"101aa100","status":"publish","type":"product","link":"https:\/\/btswiss.ch\/de\/produkt\/101aa100\/","title":{"rendered":"BMW M Schl\u00fcsselanh\u00e4nger"},"content":{"rendered":"<p>Produktnummer : 101AA100<\/p>\n<p>BMW M Schl\u00fcsselanh\u00e4nger mit Steppn\u00e4hten in den Farben der Marke<\/p>","protected":false},"excerpt":{"rendered":"<p>Num\u00e9ro de produit : 101AA100 Porte-cl\u00e9 BMW M surpiqu\u00e9 aux couleurs de la marque<\/p>","protected":false},"featured_media":30533,"template":"","meta":{"advanced_seo_description":"","jetpack_seo_html_title":"","jetpack_seo_noindex":false,"ocean_post_layout":"","ocean_both_sidebars_style":"","ocean_both_sidebars_content_width":0,"ocean_both_sidebars_sidebars_width":0,"ocean_sidebar":"0","ocean_second_sidebar":"0","ocean_disable_margins":"enable","ocean_add_body_class":"","ocean_shortcode_before_top_bar":"","ocean_shortcode_after_top_bar":"","ocean_shortcode_before_header":"","ocean_shortcode_after_header":"","ocean_has_shortcode":"","ocean_shortcode_after_title":"","ocean_shortcode_before_footer_widgets":"","ocean_shortcode_after_footer_widgets":"","ocean_shortcode_before_footer_bottom":"","ocean_shortcode_after_footer_bottom":"","ocean_display_top_bar":"default","ocean_display_header":"default","ocean_header_style":"","ocean_center_header_left_menu":"0","ocean_custom_header_template":"0","ocean_custom_logo":0,"ocean_custom_retina_logo":0,"ocean_custom_logo_max_width":0,"ocean_custom_logo_tablet_max_width":0,"ocean_custom_logo_mobile_max_width":0,"ocean_custom_logo_max_height":0,"ocean_custom_logo_tablet_max_height":0,"ocean_custom_logo_mobile_max_height":0,"ocean_header_custom_menu":"0","ocean_menu_typo_font_family":"0","ocean_menu_typo_font_subset":"","ocean_menu_typo_font_size":0,"ocean_menu_typo_font_size_tablet":0,"ocean_menu_typo_font_size_mobile":0,"ocean_menu_typo_font_size_unit":"px","ocean_menu_typo_font_weight":"","ocean_menu_typo_font_weight_tablet":"","ocean_menu_typo_font_weight_mobile":"","ocean_menu_typo_transform":"","ocean_menu_typo_transform_tablet":"","ocean_menu_typo_transform_mobile":"","ocean_menu_typo_line_height":0,"ocean_menu_typo_line_height_tablet":0,"ocean_menu_typo_line_height_mobile":0,"ocean_menu_typo_line_height_unit":"","ocean_menu_typo_spacing":0,"ocean_menu_typo_spacing_tablet":0,"ocean_menu_typo_spacing_mobile":0,"ocean_menu_typo_spacing_unit":"","ocean_menu_link_color":"","ocean_menu_link_color_hover":"","ocean_menu_link_color_active":"","ocean_menu_link_background":"","ocean_menu_link_hover_background":"","ocean_menu_link_active_background":"","ocean_menu_social_links_bg":"","ocean_menu_social_hover_links_bg":"","ocean_menu_social_links_color":"","ocean_menu_social_hover_links_color":"","ocean_disable_title":"default","ocean_disable_heading":"default","ocean_post_title":"","ocean_post_subheading":"","ocean_post_title_style":"","ocean_post_title_background_color":"","ocean_post_title_background":0,"ocean_post_title_bg_image_position":"","ocean_post_title_bg_image_attachment":"","ocean_post_title_bg_image_repeat":"","ocean_post_title_bg_image_size":"","ocean_post_title_height":0,"ocean_post_title_bg_overlay":0.5,"ocean_post_title_bg_overlay_color":"","ocean_disable_breadcrumbs":"default","ocean_breadcrumbs_color":"","ocean_breadcrumbs_separator_color":"","ocean_breadcrumbs_links_color":"","ocean_breadcrumbs_links_hover_color":"","ocean_display_footer_widgets":"default","ocean_display_footer_bottom":"default","ocean_custom_footer_template":"0","jetpack_post_was_ever_published":false,"jetpack_publicize_message":"","jetpack_publicize_feature_enabled":true,"jetpack_social_post_already_shared":false,"jetpack_social_options":{"image_generator_settings":{"template":"highway","enabled":false},"version":2}},"product_cat":[186,73,67,106,68,107,143,74,65,66,78,144,114,111,81,115,112,113,79,80,108,109,179,77,180,110],"product_tag":[],"class_list":{"0":"post-29875","1":"product","2":"type-product","3":"status-publish","4":"has-post-thumbnail","6":"product_cat-autre","7":"product_cat-serie-1-e81-e82-e87-e88","8":"product_cat-serie-1-f20-f21","9":"product_cat-serie-1-f40","10":"product_cat-serie-2-f22-f87","11":"product_cat-serie-2-f44","12":"product_cat-serie-3-e46","13":"product_cat-serie-3-e90-e91-e92-e93","14":"product_cat-serie-3-f30-f31","15":"product_cat-serie-4-f32-f36","16":"product_cat-serie-4-g22-g23-g24","17":"product_cat-serie-5-e39","18":"product_cat-serie-5-e60-e61","19":"product_cat-serie-5-f10-f11","20":"product_cat-serie-5-g30-g31","21":"product_cat-serie-6-e63-e64","22":"product_cat-serie-6-f12-f13","23":"product_cat-serie-7-f01-f02","24":"product_cat-serie-7-g11-g12","25":"product_cat-serie-8-g14-g15-g16","26":"product_cat-x1-f48","27":"product_cat-x2-f39","28":"product_cat-x3-e83","29":"product_cat-x5-f15","30":"product_cat-x6-f16","31":"product_cat-z4-g29","33":"entry","34":"has-media","36":"first","37":"outofstock","38":"shipping-taxable","39":"purchasable","40":"product-type-simple","41":"has-product-nav","42":"col","43":"span_1_of_3","44":"owp-content-center","45":"owp-thumbs-layout-horizontal","46":"owp-btn-very-big","47":"owp-tabs-layout-vertical"},"jetpack_publicize_connections":[],"jetpack_sharing_enabled":true,"jetpack-related-posts":[],"_links":{"self":[{"href":"https:\/\/btswiss.ch\/de\/wp-json\/wp\/v2\/product\/29875","targetHints":{"allow":["GET"]}}],"collection":[{"href":"https:\/\/btswiss.ch\/de\/wp-json\/wp\/v2\/product"}],"about":[{"href":"https:\/\/btswiss.ch\/de\/wp-json\/wp\/v2\/types\/product"}],"wp:featuredmedia":[{"embeddable":true,"href":"https:\/\/btswiss.ch\/de\/wp-json\/wp\/v2\/media\/30533"}],"wp:attachment":[{"href":"https:\/\/btswiss.ch\/de\/wp-json\/wp\/v2\/media?parent=29875"}],"wp:term":[{"taxonomy":"product_cat","embeddable":true,"href":"https:\/\/btswiss.ch\/de\/wp-json\/wp\/v2\/product_cat?post=29875"},{"taxonomy":"product_tag","embeddable":true,"href":"https:\/\/btswiss.ch\/de\/wp-json\/wp\/v2\/product_tag?post=29875"}],"curies":[{"name":"wp","href":"https:\/\/api.w.org\/{rel}","templated":true}]}}